{"id":25,"date":"2012-09-29T19:50:47","date_gmt":"2012-09-29T19:50:47","guid":{"rendered":"http:\/\/www.tienda40.es\/construccionesrico\/?page_id=25"},"modified":"2024-07-22T23:48:43","modified_gmt":"2024-07-22T21:48:43","slug":"clients","status":"publish","type":"page","link":"https:\/\/www.construccionesrico.com\/en\/construcciones-rico\/clients\/","title":{"rendered":"Clients"},"content":{"rendered":"\n<p>Since its formation,&nbsp;<strong>Construcciones Rico S.A.<\/strong>&nbsp;has undertaken a significant number of projects for both public and private sector clients.<\/p>\n\n\n\n<p>We have undertaken work on behalf of the Empresa Municipal de la Vivienda y Suelo (Municipal Housing and Land Company) as well as the Gerencia Municipal de Urbanismo&nbsp;<strong>(Municipal Urban Management planning body<\/strong>). Moreover, we have undertaken projects for many service and utility providers responsible for water, power supply, gas and telecommunications networks.<\/p>\n\n\n\n<p>Construcciones Rico S.A. is recognised to the highest level possible by the relevant authorities. This enables the company to undertake a full range of service and infrastructure projects as well as residential and pubic building programmes and rehabilitation and renovation works.<\/p>\n\n\n\n<div class=\"wp-block-group alignfull has-global-padding is-layout-constrained wp-container-core-group-is-layout-b6289616 wp-block-group-is-layout-constrained\" style=\"padding-top:var(--wp--preset--spacing--10);padding-right:var(--wp--preset--spacing--50);padding-bottom:var(--wp--preset--spacing--10);padding-left:var(--wp--preset--spacing--50)\">\n<h2 class=\"wp-block-heading alignwide\" style=\"margin-bottom:var(--wp--preset--spacing--30);text-transform:none\">Some clients of Construcciones Rico S.A.:<\/h2>\n\n\n\n<div class=\"wp-block-columns alignwide are-vertically-aligned-top is-layout-flex wp-container-core-columns-is-layout-d59085f9 wp-block-columns-is-layout-flex\" style=\"margin-top:0;margin-bottom:0;padding-top:0;padding-right:0;padding-bottom:0;padding-left:0\">\n<div class=\"wp-block-column is-vertically-aligned-top is-layout-flow wp-container-core-column-is-layout-e3d1c41b wp-block-column-is-layout-flow\" style=\"flex-basis:50%\">\n<h2 class=\"wp-block-heading has-medium-font-size\"><strong>Private Clients<\/strong>:<\/h2>\n\n\n\n<ul class=\"wp-block-list\">\n<li>Arpegio (CAM)<\/li>\n\n\n\n<li>Avanzit Telecom S.L.<\/li>\n\n\n\n<li>Agrupaci\u00f3n de Inter\u00e9s Urban\u00edstico SP-pp11<\/li>\n\n\n\n<li>Bundmad S.A.<\/li>\n\n\n\n<li>Colt-Telecom Espa\u00f1a S.A<\/li>\n\n\n\n<li>Confed. Hidrogr\u00e1fica del Segura<\/li>\n\n\n\n<li>Consorcio Urbanistico &#8220;La Estaci\u00f3n&#8221;<\/li>\n\n\n\n<li>Desarrollos Inmobiliarios Pinar S.L<\/li>\n\n\n\n<li>Empresa Municipal de la Vivienda y Suelo (E.M.V.S.)<\/li>\n\n\n\n<li>FIDESA<\/li>\n\n\n\n<li>Gadetur, S.L.<\/li>\n\n\n\n<li>Iberdrola S.A.<\/li>\n\n\n\n<li>Inclover, S.L.<\/li>\n\n\n\n<li>Inducon S.A.<\/li>\n\n\n\n<li>Inveratl\u00e1ntico 2000, S.L.<\/li>\n\n\n\n<li>INVIFAS<\/li>\n\n\n\n<li>J. C. Pinar de Chamart\u00edn<\/li>\n\n\n\n<li>J. C. San Jos\u00e9 de Valderas<\/li>\n\n\n\n<li>J.C. El Caracol de Valdemoro<\/li>\n\n\n\n<li>J.C. El Caracol de Valdemoro<\/li>\n\n\n\n<li>J.C. Pol\u00edgono 30-D &#8220;Casarrubios&#8221;<\/li>\n\n\n\n<li>J.C. San Agust\u00edn de Guadalix<\/li>\n\n\n\n<li>J.C. SAU-12 de Meco<\/li>\n\n\n\n<li>J.C. Sector 116 de Alcal\u00e1 de Henares<\/li>\n\n\n\n<li>J.C. Unidad de Ejecuci\u00f3n n\u00ba 108 &#8220;La Perlita&#8221;<\/li>\n\n\n\n<li>J.C. UE 107 &#8220;Valdelarcipreste&#8221;<\/li>\n\n\n\n<li>Junta de Compensaci\u00f3n Este de los Fresnos<\/li>\n\n\n\n<li>Junta Compensaci\u00f3n Sector 116 de Alcal\u00e1 de Henares<\/li>\n\n\n\n<li>Junta de Compensaci\u00f3n &#8220;Cerro de las Columnas&#8221;<\/li>\n\n\n\n<li>Junta de Compensaci\u00f3n &#8220;El Parral&#8221;<\/li>\n\n\n\n<li>Madritel<\/li>\n\n\n\n<li>P.Viviendas S\u00e1nchez Primo<\/li>\n\n\n\n<li>Propano T\u00e9rmica S.A.<\/li>\n\n\n\n<li>Residencial Puerta de Colmenar S.L.<\/li>\n\n\n\n<li>Rimaco S.L.<\/li>\n\n\n\n<li>Solbrisa S.A.<\/li>\n\n\n\n<li>Tubos Colmenar S.A.<\/li>\n\n\n\n<li>Uni\u00f3n Fenosa<\/li>\n\n\n\n<li>Telesierra S.L.<\/li>\n<\/ul>\n<\/div>\n\n\n\n<div class=\"wp-block-column is-vertically-aligned-top is-layout-flow wp-block-column-is-layout-flow\" style=\"flex-basis:50%\">\n<h2 class=\"wp-block-heading has-medium-font-size\"><strong>Public bodies<\/strong>:<\/h2>\n\n\n\n<ul class=\"wp-block-list\">\n<li>Ayuntamiento de Alcal\u00e1 de Henares<\/li>\n\n\n\n<li>Ayuntamiento de Alcorc\u00f3n<\/li>\n\n\n\n<li>Ayuntamiento de Becerril de la Sierra<\/li>\n\n\n\n<li>Ayuntamiento de Colmenar Viejo<\/li>\n\n\n\n<li>Ayuntamiento de El Boalo<\/li>\n\n\n\n<li>Ayuntamiento de Fuenlabrada<\/li>\n\n\n\n<li>Ayuntamiento de Ja\u00e9n<\/li>\n\n\n\n<li>Ayuntamiento de Legan\u00e9s<\/li>\n\n\n\n<li>Ayuntamiento de Madrid<\/li>\n\n\n\n<li>Comunidad de Madrid<\/li>\n\n\n\n<li>Ayuntamiento de Majadahonda<\/li>\n\n\n\n<li>Ayuntamiento de Manzanares el Real<\/li>\n\n\n\n<li>Ayuntamiento de Navacerrada<\/li>\n\n\n\n<li>Ayuntamiento de Salamanca<\/li>\n\n\n\n<li>Ayuntamiento de San Sebasti\u00e1n de los Reyes<\/li>\n\n\n\n<li>Ayuntamiento de Torrelodones<\/li>\n<\/ul>\n<\/div>\n<\/div>\n<\/div>\n","protected":false},"excerpt":{"rendered":"<p>Since its formation,&nbsp;Construcciones Rico S.A.&nbsp;has undertaken a significant number of projects for both public and private sector clients. We have undertaken work on behalf of the Empresa Municipal de la Vivienda y Suelo (Municipal Housing and Land Company) as well as the Gerencia Municipal de Urbanismo&nbsp;(Municipal Urban Management planning body). Moreover, we have undertaken projects [&hellip;]<\/p>\n","protected":false},"author":1,"featured_media":0,"parent":21,"menu_order":8,"comment_status":"closed","ping_status":"closed","template":"wp-custom-template-pagina-wide-with","meta":{"footnotes":""},"class_list":["post-25","page","type-page","status-publish","hentry"],"_links":{"self":[{"href":"https:\/\/www.construccionesrico.com\/en\/wp-json\/wp\/v2\/pages\/25","targetHints":{"allow":["GET"]}}],"collection":[{"href":"https:\/\/www.construccionesrico.com\/en\/wp-json\/wp\/v2\/pages"}],"about":[{"href":"https:\/\/www.construccionesrico.com\/en\/wp-json\/wp\/v2\/types\/page"}],"author":[{"embeddable":true,"href":"https:\/\/www.construccionesrico.com\/en\/wp-json\/wp\/v2\/users\/1"}],"replies":[{"embeddable":true,"href":"https:\/\/www.construccionesrico.com\/en\/wp-json\/wp\/v2\/comments?post=25"}],"version-history":[{"count":13,"href":"https:\/\/www.construccionesrico.com\/en\/wp-json\/wp\/v2\/pages\/25\/revisions"}],"predecessor-version":[{"id":3620,"href":"https:\/\/www.construccionesrico.com\/en\/wp-json\/wp\/v2\/pages\/25\/revisions\/3620"}],"up":[{"embeddable":true,"href":"https:\/\/www.construccionesrico.com\/en\/wp-json\/wp\/v2\/pages\/21"}],"wp:attachment":[{"href":"https:\/\/www.construccionesrico.com\/en\/wp-json\/wp\/v2\/media?parent=25"}],"curies":[{"name":"wp","href":"https:\/\/api.w.org\/{rel}","templated":true}]}}